{"id":367,"date":"2015-05-25T10:52:00","date_gmt":"2015-05-25T08:52:00","guid":{"rendered":"https:\/\/www.mellon.com.pl\/?page_id=367"},"modified":"2015-05-27T13:51:45","modified_gmt":"2015-05-27T11:51:45","slug":"documentation","status":"publish","type":"page","link":"https:\/\/www.mellon.com.pl\/en\/documentation\/","title":{"rendered":"Documentation"},"content":{"rendered":"<p><\/p>\n<ul>\n<li><a href=\"https:\/\/www.mellon.com.pl\/wp-content\/uploads\/20150408_Procedura-dostawy_i_odbioru_sprz\u0119tu_HSM_ver_1.0.pdf\" target=\"_blank\">20150408_Procedura dostawy_i_odbioru_sprz\u0119tu_HSM_ver_1.0<\/a><\/li>\n<li><a href=\"https:\/\/www.mellon.com.pl\/wp-content\/uploads\/20150521_Procedura-dostawy-i-odbioru-sprz\u0119tu-HSM_ver_1.11.pdf\" target=\"_blank\">20150521_Procedura dostawy i odbioru sprz\u0119tu HSM_ver_1.1<\/a><\/li>\n<li><a href=\"https:\/\/www.mellon.com.pl\/wp-content\/uploads\/Procedura-dostawy-i-odbioru-sprz\u0119tu-HSM2.pdf\" target=\"_blank\">Procedura dostawy i odbioru sprz\u0119tu HSM<\/a><\/li>\n<\/ul>\n<p><\/p>","protected":false},"excerpt":{"rendered":"<p>20150408_Procedura dostawy_i_odbioru_sprz\u0119tu_HSM_ver_1.0 20150521_Procedura dostawy i odbioru sprz\u0119tu HSM_ver_1.1 Procedura dostawy i odbioru sprz\u0119tu HSM<\/p>\n","protected":false},"author":3,"featured_media":0,"parent":0,"menu_order":0,"comment_status":"closed","ping_status":"closed","template":"","meta":{"footnotes":""},"class_list":["post-367","page","type-page","status-publish","hentry"],"_links":{"self":[{"href":"https:\/\/www.mellon.com.pl\/en\/wp-json\/wp\/v2\/pages\/367","targetHints":{"allow":["GET"]}}],"collection":[{"href":"https:\/\/www.mellon.com.pl\/en\/wp-json\/wp\/v2\/pages"}],"about":[{"href":"https:\/\/www.mellon.com.pl\/en\/wp-json\/wp\/v2\/types\/page"}],"author":[{"embeddable":true,"href":"https:\/\/www.mellon.com.pl\/en\/wp-json\/wp\/v2\/users\/3"}],"replies":[{"embeddable":true,"href":"https:\/\/www.mellon.com.pl\/en\/wp-json\/wp\/v2\/comments?post=367"}],"version-history":[{"count":0,"href":"https:\/\/www.mellon.com.pl\/en\/wp-json\/wp\/v2\/pages\/367\/revisions"}],"wp:attachment":[{"href":"https:\/\/www.mellon.com.pl\/en\/wp-json\/wp\/v2\/media?parent=367"}],"curies":[{"name":"wp","href":"https:\/\/api.w.org\/{rel}","templated":true}]}}